{"id":590,"date":"2025-11-22T18:27:29","date_gmt":"2025-11-22T18:27:29","guid":{"rendered":"https:\/\/inclusive-uni.eduproject.eu\/?page_id=590"},"modified":"2026-02-16T12:48:59","modified_gmt":"2026-02-16T12:48:59","slug":"polish","status":"publish","type":"page","link":"https:\/\/inclusive-uni.eduproject.eu\/index.php\/modules\/polish\/","title":{"rendered":"Polski"},"content":{"rendered":"\n<h2 class=\"wp-block-heading\">Modu\u0142 1: Fundamenty Unii Europejskiej: polityki publiczne i budowanie zaufania<\/h2>\n\n\n\n<h2 class=\"wp-block-heading\">Modu\u0142 2: Edukacja w zakresie komunikacji mi\u0119dzykulturowej i r\u00f3\u017cnorodno\u015bci<\/h2>\n\n\n\n<h2 class=\"wp-block-heading\">Modu\u0142 3 (<strong>nauczyciel akademicki<\/strong>): Dost\u0119pno\u015b\u0107, Uniwersalne Projektowanie w Edukacji (UDL) oraz ocenianie w\u0142\u0105czaj\u0105ce<\/h2>\n\n\n\n<h2 class=\"wp-block-heading\">Modu\u0142 3 (<strong>pracownicy nieb\u0119d\u0105cy nauczycielami akademickimi<\/strong>): Dost\u0119pno\u015b\u0107, Uniwersalne Projektowanie w Edukacji (UDL) oraz ocenianie w\u0142\u0105czaj\u0105ce<\/h2>\n\n\n\n<h2 class=\"wp-block-heading\">Modu\u0142 4: Dobrostan, zdrowie psychiczne i uprzedzenia<\/h2>\n","protected":false},"excerpt":{"rendered":"<p>Modu\u0142 1: Fundamenty Unii Europejskiej: polityki publiczne i budowanie zaufania Modu\u0142 2: Edukacja w zakresie komunikacji mi\u0119dzykulturowej i r\u00f3\u017cnorodno\u015bci Modu\u0142 3 (nauczyciel akademicki): Dost\u0119pno\u015b\u0107, Uniwersalne Projektowanie w Edukacji (UDL) oraz ocenianie w\u0142\u0105czaj\u0105ce Modu\u0142 3 (pracownicy nieb\u0119d\u0105cy nauczycielami akademickimi): Dost\u0119pno\u015b\u0107, Uniwersalne Projektowanie w Edukacji (UDL) oraz ocenianie w\u0142\u0105czaj\u0105ce Modu\u0142 4: Dobrostan, zdrowie psychiczne i uprzedzenia<\/p>\n","protected":false},"author":2,"featured_media":0,"parent":73,"menu_order":0,"comment_status":"closed","ping_status":"closed","template":"","meta":{"footnotes":""},"class_list":["post-590","page","type-page","status-publish","hentry"],"blocksy_meta":[],"_links":{"self":[{"href":"https:\/\/inclusive-uni.eduproject.eu\/index.php\/wp-json\/wp\/v2\/pages\/590","targetHints":{"allow":["GET"]}}],"collection":[{"href":"https:\/\/inclusive-uni.eduproject.eu\/index.php\/wp-json\/wp\/v2\/pages"}],"about":[{"href":"https:\/\/inclusive-uni.eduproject.eu\/index.php\/wp-json\/wp\/v2\/types\/page"}],"author":[{"embeddable":true,"href":"https:\/\/inclusive-uni.eduproject.eu\/index.php\/wp-json\/wp\/v2\/users\/2"}],"replies":[{"embeddable":true,"href":"https:\/\/inclusive-uni.eduproject.eu\/index.php\/wp-json\/wp\/v2\/comments?post=590"}],"version-history":[{"count":5,"href":"https:\/\/inclusive-uni.eduproject.eu\/index.php\/wp-json\/wp\/v2\/pages\/590\/revisions"}],"predecessor-version":[{"id":686,"href":"https:\/\/inclusive-uni.eduproject.eu\/index.php\/wp-json\/wp\/v2\/pages\/590\/revisions\/686"}],"up":[{"embeddable":true,"href":"https:\/\/inclusive-uni.eduproject.eu\/index.php\/wp-json\/wp\/v2\/pages\/73"}],"wp:attachment":[{"href":"https:\/\/inclusive-uni.eduproject.eu\/index.php\/wp-json\/wp\/v2\/media?parent=590"}],"curies":[{"name":"wp","href":"https:\/\/api.w.org\/{rel}","templated":true}]}}